{"id":11,"date":"2026-02-21T19:22:01","date_gmt":"2026-02-21T19:22:01","guid":{"rendered":"https:\/\/truskawkowa.com\/?page_id=11"},"modified":"2026-03-16T16:46:51","modified_gmt":"2026-03-16T16:46:51","slug":"regulamin","status":"publish","type":"page","link":"https:\/\/truskawkowa.com\/index.php\/regulamin\/","title":{"rendered":"Regulamin sklepu"},"content":{"rendered":"\t\t<div data-elementor-type=\"wp-page\" data-elementor-id=\"11\" class=\"elementor elementor-11\">\n\t\t\t\t<div class=\"elementor-element elementor-element-df79139 e-flex e-con-boxed e-con e-parent\" data-id=\"df79139\" data-element_type=\"container\" data-e-type=\"container\">\n\t\t\t\t\t<div class=\"e-con-inner\">\n\t\t\t\t<div class=\"elementor-element elementor-element-5f8113b elementor-widget elementor-widget-heading\" data-id=\"5f8113b\" data-element_type=\"widget\" data-e-type=\"widget\" data-widget_type=\"heading.default\">\n\t\t\t\t\t<h2 class=\"elementor-heading-title elementor-size-default\">Regulamin sklepu<\/h2>\t\t\t\t<\/div>\n\t\t\t\t<div class=\"elementor-element elementor-element-bc3c15d elementor-widget elementor-widget-heading\" data-id=\"bc3c15d\" data-element_type=\"widget\" data-e-type=\"widget\" data-widget_type=\"heading.default\">\n\t\t\t\t\t<h2 class=\"elementor-heading-title elementor-size-default\">1. Postanowienia og\u00f3lne<\/h2>\t\t\t\t<\/div>\n\t\t\t\t<div class=\"elementor-element elementor-element-336c34e elementor-widget elementor-widget-text-editor\" data-id=\"336c34e\" data-element_type=\"widget\" data-e-type=\"widget\" data-widget_type=\"text-editor.default\">\n\t\t\t\t\t\t\t\t\t<ol>\n<li>Regulamin okre\u015bla zasady korzystania ze sklepu internetowego dzia\u0142aj\u0105cego pod adresem Truskawkowa.com (dalej: \u201eSklep\u201d), w tym sk\u0142adania zam\u00f3wie\u0144 oraz sprzeda\u017cy \u015bwie\u017cych truskawek z gospodarstwa.<\/li>\n<li>Sprzedawc\u0105 i w\u0142a\u015bcicielem Sklepu jest:<br \/>Gospodarstwo Rolne Dariusz Pawlak<br \/>Jerwonice 40, 95-083 Lutomiersk<br \/>tel.: 695 061 401<br \/>e-mail: gr.dariusz.pawlak@gmail.com<br \/>(dalej: \u201eSprzedawca\u201d).<\/li>\n<li>Kontakt ze Sprzedawc\u0105 mo\u017cliwy jest w szczeg\u00f3lno\u015bci poprzez e-mail oraz telefon wskazane powy\u017cej.<\/li>\n<li>Korzystanie z us\u0142ug elektronicznych w Internecie mo\u017ce wi\u0105za\u0107 si\u0119 z ryzykiem (np. z\u0142o\u015bliwe oprogramowanie). Klient powinien stosowa\u0107 aktualne zabezpieczenia urz\u0105dzenia i przegl\u0105darki.<\/li>\n<li>Punkt kontaktowy dla Klient\u00f3w oraz organ\u00f3w publicznych (w zakresie wymaganym przepisami) stanowi adres e-mail: gr.dariusz.pawlak@gmail.com. Komunikacja prowadzona jest w j\u0119zyku polskim.<\/li>\n<\/ol>\t\t\t\t\t\t\t\t<\/div>\n\t\t\t\t<div class=\"elementor-element elementor-element-dba3d3c elementor-widget elementor-widget-heading\" data-id=\"dba3d3c\" data-element_type=\"widget\" data-e-type=\"widget\" data-widget_type=\"heading.default\">\n\t\t\t\t\t<h2 class=\"elementor-heading-title elementor-size-default\">2. Definicje<\/h2>\t\t\t\t<\/div>\n\t\t\t\t<div class=\"elementor-element elementor-element-a2543b9 elementor-widget elementor-widget-text-editor\" data-id=\"a2543b9\" data-element_type=\"widget\" data-e-type=\"widget\" data-widget_type=\"text-editor.default\">\n\t\t\t\t\t\t\t\t\t<p>Na potrzeby Regulaminu przyjmuje si\u0119 nast\u0119puj\u0105ce znaczenie poj\u0119\u0107:<\/p>\n<ol>\n<li>Dni robocze \u2013 dni od poniedzia\u0142ku do pi\u0105tku, z wy\u0142\u0105czeniem dni ustawowo wolnych od pracy.<\/li>\n<li>Klient \u2013 osoba fizyczna, osoba prawna lub jednostka organizacyjna posiadaj\u0105ca zdolno\u015b\u0107 prawn\u0105, sk\u0142adaj\u0105ca Zam\u00f3wienie lub korzystaj\u0105ca ze Sklepu.<\/li>\n<li>Konsument \u2013 Klient b\u0119d\u0105cy konsumentem w rozumieniu przepis\u00f3w Kodeksu cywilnego.<\/li>\n<li>Przedsi\u0119biorca \u2013 Klient prowadz\u0105cy dzia\u0142alno\u015b\u0107 gospodarcz\u0105 w rozumieniu Kodeksu cywilnego.<\/li>\n<li>Towar\/Produkt \u2013 \u015bwie\u017ce truskawki oferowane w Sklepie.<\/li>\n<li>Zam\u00f3wienie \u2013 o\u015bwiadczenie woli Klienta zmierzaj\u0105ce do zawarcia umowy sprzeda\u017cy, obejmuj\u0105ce m.in. rodzaj i ilo\u015b\u0107 Produktu.<\/li>\n<li>Umowa sprzeda\u017cy \u2013 umowa sprzeda\u017cy zawarta pomi\u0119dzy Sprzedawc\u0105 a Klientem za po\u015brednictwem Sklepu.<\/li>\n<li>Us\u0142ugi elektroniczne \u2013 us\u0142ugi \u015bwiadczone drog\u0105 elektroniczn\u0105 w zwi\u0105zku z funkcjonowaniem Sklepu (np. formularz zam\u00f3wienia, konto, komunikacja).<\/li>\n<\/ol>\t\t\t\t\t\t\t\t<\/div>\n\t\t\t\t<div class=\"elementor-element elementor-element-7063f9d elementor-widget elementor-widget-heading\" data-id=\"7063f9d\" data-element_type=\"widget\" data-e-type=\"widget\" data-widget_type=\"heading.default\">\n\t\t\t\t\t<h2 class=\"elementor-heading-title elementor-size-default\">3. Wymagania techniczne i zasady korzystania ze Sklepu<\/h2>\t\t\t\t<\/div>\n\t\t\t\t<div class=\"elementor-element elementor-element-d0e6f41 elementor-widget elementor-widget-text-editor\" data-id=\"d0e6f41\" data-element_type=\"widget\" data-e-type=\"widget\" data-widget_type=\"text-editor.default\">\n\t\t\t\t\t\t\t\t\t<ol>\n<li>Do korzystania ze Sklepu potrzebne s\u0105: urz\u0105dzenie z dost\u0119pem do Internetu, aktualna przegl\u0105darka internetowa oraz aktywna poczta e-mail.<\/li>\n<li>Dla prawid\u0142owego dzia\u0142ania Sklepu wymagane mo\u017ce by\u0107 w\u0142\u0105czenie obs\u0142ugi cookies oraz JavaScript.<\/li>\n<li>Klient zobowi\u0105zuje si\u0119 korzysta\u0107 ze Sklepu zgodnie z prawem i dobrymi obyczajami, w szczeg\u00f3lno\u015bci nie wprowadza\u0107 tre\u015bci bezprawnych oraz nie podejmowa\u0107 dzia\u0142a\u0144 zak\u0142\u00f3caj\u0105cych dzia\u0142anie Sklepu.<\/li>\n<\/ol>\t\t\t\t\t\t\t\t<\/div>\n\t\t\t\t<div class=\"elementor-element elementor-element-38cc84f elementor-widget elementor-widget-heading\" data-id=\"38cc84f\" data-element_type=\"widget\" data-e-type=\"widget\" data-widget_type=\"heading.default\">\n\t\t\t\t\t<h2 class=\"elementor-heading-title elementor-size-default\">4. Us\u0142ugi \u015bwiadczone drog\u0105 elektroniczn\u0105<\/h2>\t\t\t\t<\/div>\n\t\t\t\t<div class=\"elementor-element elementor-element-da3c403 elementor-widget elementor-widget-text-editor\" data-id=\"da3c403\" data-element_type=\"widget\" data-e-type=\"widget\" data-widget_type=\"text-editor.default\">\n\t\t\t\t\t\t\t\t\t<ol>\n<li>Sklep umo\u017cliwia korzystanie z us\u0142ug elektronicznych takich jak: przegl\u0105danie oferty, sk\u0142adanie zam\u00f3wie\u0144 oraz za\u0142o\u017cenie konta klienta.<\/li>\n<li>Us\u0142ugi elektroniczne s\u0105 co do zasady bezp\u0142atne.<\/li>\n<\/ol>\t\t\t\t\t\t\t\t<\/div>\n\t\t\t\t<div class=\"elementor-element elementor-element-bb3866a elementor-widget elementor-widget-heading\" data-id=\"bb3866a\" data-element_type=\"widget\" data-e-type=\"widget\" data-widget_type=\"heading.default\">\n\t\t\t\t\t<h2 class=\"elementor-heading-title elementor-size-default\">5. Zasady sk\u0142adania zam\u00f3wie\u0144 i zawarcia Umowy sprzeda\u017cy<\/h2>\t\t\t\t<\/div>\n\t\t\t\t<div class=\"elementor-element elementor-element-6f5815f elementor-widget elementor-widget-text-editor\" data-id=\"6f5815f\" data-element_type=\"widget\" data-e-type=\"widget\" data-widget_type=\"text-editor.default\">\n\t\t\t\t\t\t\t\t\t<ol>\n<li>Informacje o Produktach zamieszczone w Sklepie stanowi\u0105 zaproszenie do zawarcia umowy w rozumieniu przepis\u00f3w Kodeksu cywilnego.<\/li>\n<li>Z\u0142o\u017cenie Zam\u00f3wienia odbywa si\u0119 poprzez wype\u0142nienie formularza zam\u00f3wienia w Sklepie i potwierdzenie zakupu.<\/li>\n<li>Warunkiem z\u0142o\u017cenia Zam\u00f3wienia jest podanie danych niezb\u0119dnych do kontaktu i przygotowania zam\u00f3wienia (w szczeg\u00f3lno\u015bci: imi\u0119 i nazwisko oraz numer telefonu, e-mail).<\/li>\n<li>Po z\u0142o\u017ceniu Zam\u00f3wienia Klient otrzyma potwierdzenie na podany adres e-mail. Z chwil\u0105 potwierdzenia przyj\u0119cia Zam\u00f3wienia do realizacji przez Sprzedawc\u0119 dochodzi do zawarcia Umowy sprzeda\u017cy.<\/li>\n<li>Ze wzgl\u0119du na sezonowo\u015b\u0107 i zmienn\u0105 dost\u0119pno\u015b\u0107 \u015bwie\u017cych owoc\u00f3w, Sprzedawca mo\u017ce skontaktowa\u0107 si\u0119 z Klientem w celu doprecyzowania terminu odbioru lub potwierdzenia dost\u0119pno\u015bci. W przypadku braku mo\u017cliwo\u015bci realizacji, Sprzedawca zaproponuje zmian\u0119 terminu albo anulowanie Zam\u00f3wienia.<\/li>\n<\/ol>\t\t\t\t\t\t\t\t<\/div>\n\t\t\t\t<div class=\"elementor-element elementor-element-ee048ef elementor-widget elementor-widget-heading\" data-id=\"ee048ef\" data-element_type=\"widget\" data-e-type=\"widget\" data-widget_type=\"heading.default\">\n\t\t\t\t\t<h2 class=\"elementor-heading-title elementor-size-default\">6. Realizacja zam\u00f3wie\u0144<\/h2>\t\t\t\t<\/div>\n\t\t\t\t<div class=\"elementor-element elementor-element-e2ccf18 elementor-widget elementor-widget-text-editor\" data-id=\"e2ccf18\" data-element_type=\"widget\" data-e-type=\"widget\" data-widget_type=\"text-editor.default\">\n\t\t\t\t\t\t\t\t\t<ol>\n<li>Sklep realizuje zam\u00f3wienia w nast\u0119puj\u0105cych formach:<br \/>a) <strong>odbi\u00f3r osobisty<\/strong>,<br \/>b) <strong>dostawa kurierem<\/strong> na adres wskazany przez Klienta.<\/li>\n<li>Miejsce odbioru osobistego: Jerwonice 40, 95-083 Lutomiersk (o ile Sklep nie wskazuje innego miejsca).<\/li>\n<li>Termin odbioru osobistego oraz przewidywany czas realizacji dostawy mog\u0105 by\u0107 wskazane w Sklepie lub ustalane z Klientem.<\/li>\n<li>W przypadku dostawy kurierem Klient zobowi\u0105zany jest poda\u0107 prawid\u0142owy adres dostawy oraz dane kontaktowe (numer telefonu\/e-mail).<\/li>\n<li>Je\u017celi Klient wybierze odbi\u00f3r osobisty, zobowi\u0105zuje si\u0119 odebra\u0107 zam\u00f3wienie w ustalonym terminie. Nieodebranie zam\u00f3wienia mo\u017ce skutkowa\u0107 anulowaniem zam\u00f3wienia.<\/li>\n<\/ol>\t\t\t\t\t\t\t\t<\/div>\n\t\t\t\t<div class=\"elementor-element elementor-element-8a9ddbc elementor-widget elementor-widget-heading\" data-id=\"8a9ddbc\" data-element_type=\"widget\" data-e-type=\"widget\" data-widget_type=\"heading.default\">\n\t\t\t\t\t<h2 class=\"elementor-heading-title elementor-size-default\">7. Ceny i metody p\u0142atno\u015bci<\/h2>\t\t\t\t<\/div>\n\t\t\t\t<div class=\"elementor-element elementor-element-f71d149 elementor-widget elementor-widget-text-editor\" data-id=\"f71d149\" data-element_type=\"widget\" data-e-type=\"widget\" data-widget_type=\"text-editor.default\">\n\t\t\t\t\t\t\t\t\t<ol>\n<li>Ceny podane w Sklepie wyra\u017cone s\u0105 w z\u0142otych polskich i s\u0105 cenami brutto.<\/li>\n<li>W przypadku dostawy kurierem do ceny zam\u00f3wienia doliczany jest koszt dostawy zgodnie z informacj\u0105 podan\u0105 w Sklepie w trakcie sk\u0142adania zam\u00f3wienia.<\/li>\n<li>Dost\u0119pne metody p\u0142atno\u015bci:\n<ul>\n<li><strong>przelew bankowy<\/strong> (przed odbiorem) \u2013 wp\u0142aty nale\u017cy dokona\u0107 na numer rachunku bankowego:<br \/><strong>Gospodarstwo Rolne Dariusz Pawlak<\/strong><br \/>Jerwonice 40, 95-083 Lutomiersk<br \/><strong>PL 83 1090 1304 0000 0001 1621 3716<\/strong><\/li>\n<li><strong>p\u0142atno\u015b\u0107 przy odbiorze<\/strong> (\u201eza pobraniem\u201d \/ przy odbiorze osobistym).<\/li>\n<\/ul>\n<\/li>\n<li>W przypadku wyboru przelewu, Sprzedawca mo\u017ce rozpocz\u0105\u0107 przygotowanie zam\u00f3wienia po zaksi\u0119gowaniu wp\u0142aty (chyba \u017ce strony uzgodni\u0105 inaczej).<\/li>\n<li>Je\u017celi Klient nie dokona p\u0142atno\u015bci przelewem w terminie wskazanym w informacji o zam\u00f3wieniu, Sprzedawca mo\u017ce anulowa\u0107 Zam\u00f3wienie po uprzednim kontakcie z Klientem.<\/li>\n<\/ol>\t\t\t\t\t\t\t\t<\/div>\n\t\t\t\t<div class=\"elementor-element elementor-element-52ac4e8 elementor-widget elementor-widget-heading\" data-id=\"52ac4e8\" data-element_type=\"widget\" data-e-type=\"widget\" data-widget_type=\"heading.default\">\n\t\t\t\t\t<h2 class=\"elementor-heading-title elementor-size-default\">8. Prawo odst\u0105pienia od umowy<\/h2>\t\t\t\t<\/div>\n\t\t\t\t<div class=\"elementor-element elementor-element-c9ddfec elementor-widget elementor-widget-text-editor\" data-id=\"c9ddfec\" data-element_type=\"widget\" data-e-type=\"widget\" data-widget_type=\"text-editor.default\">\n\t\t\t\t\t\t\t\t\t<ol>\n<li>Konsument ma co do zasady prawo odst\u0105pi\u0107 od umowy zawartej na odleg\u0142o\u015b\u0107 w terminie 14 dni.<\/li>\n<li>Jednak prawo odst\u0105pienia nie przys\u0142uguje, je\u017celi przedmiotem \u015bwiadczenia jest towar ulegaj\u0105cy szybkiemu zepsuciu lub maj\u0105cy kr\u00f3tki termin przydatno\u015bci do u\u017cycia (dotyczy \u015bwie\u017cych truskawek).<\/li>\n<li>W zwi\u0105zku z powy\u017cszym, po wydaniu truskawek Klientowi (w odbiorze osobistym) lub po dor\u0119czeniu przesy\u0142ki, zwroty z tytu\u0142u \u201eodst\u0105pienia od umowy\u201d nie s\u0105 realizowane, z wyj\u0105tkiem sytuacji zwi\u0105zanych z reklamacj\u0105 (niezgodno\u015b\u0107 towaru z umow\u0105)<\/li>\n<li>Je\u017celi zam\u00f3wienie zosta\u0142o op\u0142acone przelewem, a Sprzedawca anulowa\u0142 realizacj\u0119 (np. z powodu braku produktu), Sprzedawca zwr\u00f3ci wp\u0142at\u0119 niezw\u0142ocznie, nie p\u00f3\u017aniej ni\u017c w terminie 14 dni, na rachunek wskazany przez Klienta.<\/li>\n<\/ol>\t\t\t\t\t\t\t\t<\/div>\n\t\t\t\t<div class=\"elementor-element elementor-element-e112116 elementor-widget elementor-widget-heading\" data-id=\"e112116\" data-element_type=\"widget\" data-e-type=\"widget\" data-widget_type=\"heading.default\">\n\t\t\t\t\t<h2 class=\"elementor-heading-title elementor-size-default\">9. Reklamacje dotycz\u0105ce Produkt\u00f3w<\/h2>\t\t\t\t<\/div>\n\t\t\t\t<div class=\"elementor-element elementor-element-b91e613 elementor-widget elementor-widget-text-editor\" data-id=\"b91e613\" data-element_type=\"widget\" data-e-type=\"widget\" data-widget_type=\"text-editor.default\">\n\t\t\t\t\t\t\t\t\t<ol>\n<li>Sprzedawca zobowi\u0105zuje si\u0119 wyda\u0107 Produkt zgodny z umow\u0105.<\/li>\n<li>Reklamacje dotycz\u0105ce Produkt\u00f3w mo\u017cna sk\u0142ada\u0107:\n<ul>\n<li>e-mail: gr.dariusz.pawlak@gmail.com<\/li>\n<li>tel.: 695 061 401<\/li>\n<li>lub pisemnie na adres: Jerwonice 40, 95-083 Lutomiersk.<\/li>\n<\/ul>\n<\/li>\n<li>W reklamacji nale\u017cy poda\u0107 dane identyfikuj\u0105ce zam\u00f3wienie (np. data, imi\u0119 i nazwisko, numer telefonu\/e-mail u\u017cyty w zam\u00f3wieniu), opisa\u0107 problem i \u2013 je\u015bli to mo\u017cliwe \u2013 do\u0142\u0105czy\u0107 zdj\u0119cia.<\/li>\n<li>Z uwagi na charakter Produktu, zalecane jest zg\u0142oszenie zastrze\u017ce\u0144 niezw\u0142ocznie, najlepiej przy odbiorze lub bezpo\u015brednio po nim, a w przypadku dostawy \u2013 niezw\u0142ocznie po otrzymaniu przesy\u0142ki.<\/li>\n<li>Sprzedawca udzieli odpowiedzi na reklamacj\u0119 w terminie do 14 dni od jej otrzymania.<\/li>\n<\/ol>\t\t\t\t\t\t\t\t<\/div>\n\t\t\t\t<div class=\"elementor-element elementor-element-a45c5d6 elementor-widget elementor-widget-heading\" data-id=\"a45c5d6\" data-element_type=\"widget\" data-e-type=\"widget\" data-widget_type=\"heading.default\">\n\t\t\t\t\t<h2 class=\"elementor-heading-title elementor-size-default\">10. Reklamacje zwi\u0105zane z us\u0142ugami elektronicznymi Sklepu<\/h2>\t\t\t\t<\/div>\n\t\t\t\t<div class=\"elementor-element elementor-element-a396566 elementor-widget elementor-widget-text-editor\" data-id=\"a396566\" data-element_type=\"widget\" data-e-type=\"widget\" data-widget_type=\"text-editor.default\">\n\t\t\t\t\t\t\t\t\t<ol>\n<li>Klient mo\u017ce zg\u0142asza\u0107 zastrze\u017cenia dotycz\u0105ce dzia\u0142ania Sklepu (np. problemy z formularzem zam\u00f3wienia).<\/li>\n<li>Zg\u0142oszenia nale\u017cy kierowa\u0107 na e-mail: gr.dariusz.pawlak@gmail.com lub telefonicznie: 695 061 401.<\/li>\n<li>W zg\u0142oszeniu warto wskaza\u0107: opis problemu, dat\u0119 i godzin\u0119, rodzaj urz\u0105dzenia\/przegl\u0105darki (je\u015bli mo\u017cliwe).<\/li>\n<li>Sprzedawca rozpatrzy reklamacj\u0119 w terminie do 14 dni.<\/li>\n<\/ol>\t\t\t\t\t\t\t\t<\/div>\n\t\t\t\t<div class=\"elementor-element elementor-element-00dfab1 elementor-widget elementor-widget-heading\" data-id=\"00dfab1\" data-element_type=\"widget\" data-e-type=\"widget\" data-widget_type=\"heading.default\">\n\t\t\t\t\t<h2 class=\"elementor-heading-title elementor-size-default\">11. Gwarancje<\/h2>\t\t\t\t<\/div>\n\t\t\t\t<div class=\"elementor-element elementor-element-a22713e elementor-widget elementor-widget-text-editor\" data-id=\"a22713e\" data-element_type=\"widget\" data-e-type=\"widget\" data-widget_type=\"text-editor.default\">\n\t\t\t\t\t\t\t\t\t<ol>\n<li>Ze wzgl\u0119du na charakter Produktu (\u015bwie\u017ce owoce), gwarancje producenta co do zasady nie maj\u0105 zastosowania, chyba \u017ce Sprzedawca wyra\u017anie wskaza\u0142 inaczej przy danym Produkcie.<\/li>\n<\/ol>\t\t\t\t\t\t\t\t<\/div>\n\t\t\t\t<div class=\"elementor-element elementor-element-c953f84 elementor-widget elementor-widget-heading\" data-id=\"c953f84\" data-element_type=\"widget\" data-e-type=\"widget\" data-widget_type=\"heading.default\">\n\t\t\t\t\t<h2 class=\"elementor-heading-title elementor-size-default\">12. Pozas\u0105dowe sposoby rozpatrywania spor\u00f3w<\/h2>\t\t\t\t<\/div>\n\t\t\t\t<div class=\"elementor-element elementor-element-ac3d99e elementor-widget elementor-widget-text-editor\" data-id=\"ac3d99e\" data-element_type=\"widget\" data-e-type=\"widget\" data-widget_type=\"text-editor.default\">\n\t\t\t\t\t\t\t\t\t<ol>\n<li>Konsument ma mo\u017cliwo\u015b\u0107 skorzystania z pozas\u0105dowych metod rozwi\u0105zywania spor\u00f3w, w szczeg\u00f3lno\u015bci przy Inspekcji Handlowej oraz u miejskiego\/powiatowego rzecznika konsument\u00f3w.<\/li>\n<\/ol>\t\t\t\t\t\t\t\t<\/div>\n\t\t\t\t<div class=\"elementor-element elementor-element-acce234 elementor-widget elementor-widget-heading\" data-id=\"acce234\" data-element_type=\"widget\" data-e-type=\"widget\" data-widget_type=\"heading.default\">\n\t\t\t\t\t<h2 class=\"elementor-heading-title elementor-size-default\">13. Dane osobowe i cookies<\/h2>\t\t\t\t<\/div>\n\t\t\t\t<div class=\"elementor-element elementor-element-cd90a2d elementor-widget elementor-widget-text-editor\" data-id=\"cd90a2d\" data-element_type=\"widget\" data-e-type=\"widget\" data-widget_type=\"text-editor.default\">\n\t\t\t\t\t\t\t\t\t<ol>\n<li>Dane osobowe Klient\u00f3w przetwarzane s\u0105 zgodnie z obowi\u0105zuj\u0105cymi przepisami oraz <a href=\"https:\/\/truskawkowa.com\/index.php\/privacy-policy\/\">Polityk\u0105 prywatno\u015bci<\/a> opublikowan\u0105 w Sklepie.<\/li>\n<li>Sklep wykorzystuje pliki cookies zgodnie z informacj\u0105 w Polityce prywatno\u015bci.<\/li>\n<\/ol>\t\t\t\t\t\t\t\t<\/div>\n\t\t\t\t<div class=\"elementor-element elementor-element-840d3de elementor-widget elementor-widget-heading\" data-id=\"840d3de\" data-element_type=\"widget\" data-e-type=\"widget\" data-widget_type=\"heading.default\">\n\t\t\t\t\t<h2 class=\"elementor-heading-title elementor-size-default\">14. Postanowienia ko\u0144cowe<\/h2>\t\t\t\t<\/div>\n\t\t\t\t<div class=\"elementor-element elementor-element-1412d80 elementor-widget elementor-widget-text-editor\" data-id=\"1412d80\" data-element_type=\"widget\" data-e-type=\"widget\" data-widget_type=\"text-editor.default\">\n\t\t\t\t\t\t\t\t\t<ol>\n<li>Tre\u015bci i elementy Sklepu (w tym nazwa, logo, uk\u0142ad, opisy) s\u0105 chronione prawem i nie mog\u0105 by\u0107 wykorzystywane bez zgody Sprzedawcy, poza dozwolonym u\u017cytkiem.<\/li>\n<li>W sprawach nieuregulowanych Regulaminem zastosowanie maj\u0105 przepisy prawa polskiego, w tym Kodeksu cywilnego oraz ustawy o prawach konsumenta.<\/li>\n<li>Spory z Konsumentami rozstrzygane b\u0119d\u0105 przez s\u0105d w\u0142a\u015bciwy zgodnie z przepisami og\u00f3lnymi. Spory z Przedsi\u0119biorcami \u2013 przez s\u0105d w\u0142a\u015bciwy dla siedziby Sprzedawcy.<\/li>\n<li>Sprzedawca mo\u017ce wprowadza\u0107 zmiany Regulaminu z wa\u017cnych przyczyn (np. zmiana przepis\u00f3w, zmiany w funkcjonowaniu Sklepu). Aktualna wersja Regulaminu jest publikowana na stronie Sklepu.<\/li>\n<\/ol>\t\t\t\t\t\t\t\t<\/div>\n\t\t\t\t\t<\/div>\n\t\t\t\t<\/div>\n\t\t\t\t<\/div>\n\t\t","protected":false},"excerpt":{"rendered":"<p>Regulamin sklepu 1. Postanowienia og\u00f3lne Regulamin okre\u015bla zasady korzystania ze sklepu internetowego dzia\u0142aj\u0105cego pod adresem Truskawkowa.com (dalej: \u201eSklep\u201d), w tym sk\u0142adania zam\u00f3wie\u0144 oraz sprzeda\u017cy \u015bwie\u017cych truskawek z gospodarstwa. Sprzedawc\u0105 i w\u0142a\u015bcicielem Sklepu jest:Gospodarstwo Rolne Dariusz PawlakJerwonice 40, 95-083 Lutomiersktel.: 695 061 401e-mail: gr.dariusz.pawlak@gmail.com(dalej: \u201eSprzedawca\u201d). Kontakt ze Sprzedawc\u0105 mo\u017cliwy jest w szczeg\u00f3lno\u015bci poprzez e-mail oraz telefon&hellip;&nbsp;<a href=\"https:\/\/truskawkowa.com\/index.php\/regulamin\/\" rel=\"bookmark\"><span class=\"screen-reader-text\">Regulamin sklepu<\/span><\/a><\/p>\n","protected":false},"author":1,"featured_media":0,"parent":0,"menu_order":0,"comment_status":"closed","ping_status":"closed","template":"","meta":{"_eb_attr":"","_crdt_document":"","_uag_custom_page_level_css":"","neve_meta_sidebar":"","neve_meta_container":"","neve_meta_enable_content_width":"","neve_meta_content_width":0,"neve_meta_title_alignment":"","neve_meta_author_avatar":"","neve_post_elements_order":"","neve_meta_disable_header":"","neve_meta_disable_footer":"","neve_meta_disable_title":"","footnotes":""},"class_list":["post-11","page","type-page","status-publish","hentry"],"uagb_featured_image_src":{"full":false,"thumbnail":false,"medium":false,"medium_large":false,"large":false,"1536x1536":false,"2048x2048":false,"neve-blog":false,"woocommerce_thumbnail":false,"woocommerce_single":false,"woocommerce_gallery_thumbnail":false},"uagb_author_info":{"display_name":"Dariusz Pawlak","author_link":"https:\/\/truskawkowa.com\/index.php\/author\/admin6105\/"},"uagb_comment_info":0,"uagb_excerpt":"Regulamin sklepu 1. Postanowienia og\u00f3lne Regulamin okre\u015bla zasady korzystania ze sklepu internetowego dzia\u0142aj\u0105cego pod adresem Truskawkowa.com (dalej: \u201eSklep\u201d), w tym sk\u0142adania zam\u00f3wie\u0144 oraz sprzeda\u017cy \u015bwie\u017cych truskawek z gospodarstwa. Sprzedawc\u0105 i w\u0142a\u015bcicielem Sklepu jest:Gospodarstwo Rolne Dariusz PawlakJerwonice 40, 95-083 Lutomiersktel.: 695 061 401e-mail: gr.dariusz.pawlak@gmail.com(dalej: \u201eSprzedawca\u201d). Kontakt ze Sprzedawc\u0105 mo\u017cliwy jest w szczeg\u00f3lno\u015bci poprzez e-mail oraz telefon&hellip;&nbsp;Regulamin&hellip;","_links":{"self":[{"href":"https:\/\/truskawkowa.com\/index.php\/wp-json\/wp\/v2\/pages\/11","targetHints":{"allow":["GET"]}}],"collection":[{"href":"https:\/\/truskawkowa.com\/index.php\/wp-json\/wp\/v2\/pages"}],"about":[{"href":"https:\/\/truskawkowa.com\/index.php\/wp-json\/wp\/v2\/types\/page"}],"author":[{"embeddable":true,"href":"https:\/\/truskawkowa.com\/index.php\/wp-json\/wp\/v2\/users\/1"}],"replies":[{"embeddable":true,"href":"https:\/\/truskawkowa.com\/index.php\/wp-json\/wp\/v2\/comments?post=11"}],"version-history":[{"count":14,"href":"https:\/\/truskawkowa.com\/index.php\/wp-json\/wp\/v2\/pages\/11\/revisions"}],"predecessor-version":[{"id":495,"href":"https:\/\/truskawkowa.com\/index.php\/wp-json\/wp\/v2\/pages\/11\/revisions\/495"}],"wp:attachment":[{"href":"https:\/\/truskawkowa.com\/index.php\/wp-json\/wp\/v2\/media?parent=11"}],"curies":[{"name":"wp","href":"https:\/\/api.w.org\/{rel}","templated":true}]}}