{"id":379,"date":"2026-02-22T14:37:39","date_gmt":"2026-02-22T14:37:39","guid":{"rendered":"https:\/\/truskawkowa.com\/?page_id=379"},"modified":"2026-03-16T10:12:45","modified_gmt":"2026-03-16T10:12:45","slug":"kontakt","status":"publish","type":"page","link":"https:\/\/truskawkowa.com\/index.php\/kontakt\/","title":{"rendered":"Kontakt"},"content":{"rendered":"\t\t<div data-elementor-type=\"wp-page\" data-elementor-id=\"379\" class=\"elementor elementor-379\">\n\t\t\t\t<div class=\"elementor-element elementor-element-c48602d e-flex e-con-boxed e-con e-parent\" data-id=\"c48602d\" data-element_type=\"container\" data-e-type=\"container\">\n\t\t\t\t\t<div class=\"e-con-inner\">\n\t\t\t\t<div class=\"elementor-element elementor-element-55087e2 elementor-widget elementor-widget-heading\" data-id=\"55087e2\" data-element_type=\"widget\" data-e-type=\"widget\" data-widget_type=\"heading.default\">\n\t\t\t\t\t<h2 class=\"elementor-heading-title elementor-size-default\">Poznaj nasze gospodarstwo<\/h2>\t\t\t\t<\/div>\n\t\t\t\t<div class=\"elementor-element elementor-element-71e3b60 elementor-widget elementor-widget-text-editor\" data-id=\"71e3b60\" data-element_type=\"widget\" data-e-type=\"widget\" data-widget_type=\"text-editor.default\">\n\t\t\t\t\t\t\t\t\t<p>Jeste\u015bmy rodzinnym gospodarstwem z Jerwonic, w kt\u00f3rym zajmujemy si\u0119 upraw\u0105 truskawek. Stawiamy na \u015bwie\u017co\u015b\u0107 i sprzeda\u017c prosto do konsumenta \u2013 bez zb\u0119dnych po\u015brednik\u00f3w. Rozwijamy nasz\u0105 dzia\u0142alno\u015b\u0107 tak, aby skr\u00f3ci\u0107 \u0142a\u0144cuch dostaw i umo\u017cliwi\u0107 wygodny zakup truskawek w sprzeda\u017cy detalicznej oraz w ramach dostaw bezpo\u015brednich.<\/p>\n<p>Je\u015bli chcesz zapyta\u0107 o dost\u0119pno\u015b\u0107, termin zbioru lub zam\u00f3wienie \u2013 zapraszamy do kontaktu.<\/p>\n<p><strong>Gospodarstwo Rolne Dariusz Pawlak<\/strong><br>Jerwonice 40, 95-083 Lutomiersk<br>tel.: +48 <strong>695061401<\/strong><br>e-mail: <strong>gr.dariusz.pawlak@gmail.com<\/strong><br>Numer rachunku bankowego: <strong>PL 83 1090 1304 0000 0001 1621 3716<\/strong><\/p>\t\t\t\t\t\t\t\t<\/div>\n\t\t\t\t\t<\/div>\n\t\t\t\t<\/div>\n\t\t\t\t<\/div>\n\t\t","protected":false},"excerpt":{"rendered":"<p>Poznaj nasze gospodarstwo Jeste\u015bmy rodzinnym gospodarstwem z Jerwonic, w kt\u00f3rym zajmujemy si\u0119 upraw\u0105 truskawek. Stawiamy na \u015bwie\u017co\u015b\u0107 i sprzeda\u017c prosto do konsumenta \u2013 bez zb\u0119dnych po\u015brednik\u00f3w. Rozwijamy nasz\u0105 dzia\u0142alno\u015b\u0107 tak, aby skr\u00f3ci\u0107 \u0142a\u0144cuch dostaw i umo\u017cliwi\u0107 wygodny zakup truskawek w sprzeda\u017cy detalicznej oraz w ramach dostaw bezpo\u015brednich. Je\u015bli chcesz zapyta\u0107 o dost\u0119pno\u015b\u0107, termin zbioru lub&hellip;&nbsp;<a href=\"https:\/\/truskawkowa.com\/index.php\/kontakt\/\" rel=\"bookmark\"><span class=\"screen-reader-text\">Kontakt<\/span><\/a><\/p>\n","protected":false},"author":1,"featured_media":0,"parent":0,"menu_order":0,"comment_status":"closed","ping_status":"closed","template":"","meta":{"_eb_attr":"","_crdt_document":"","_uag_custom_page_level_css":"","neve_meta_sidebar":"","neve_meta_container":"","neve_meta_enable_content_width":"","neve_meta_content_width":0,"neve_meta_title_alignment":"","neve_meta_author_avatar":"","neve_post_elements_order":"","neve_meta_disable_header":"","neve_meta_disable_footer":"","neve_meta_disable_title":"","footnotes":""},"class_list":["post-379","page","type-page","status-publish","hentry"],"uagb_featured_image_src":{"full":false,"thumbnail":false,"medium":false,"medium_large":false,"large":false,"1536x1536":false,"2048x2048":false,"neve-blog":false,"woocommerce_thumbnail":false,"woocommerce_single":false,"woocommerce_gallery_thumbnail":false},"uagb_author_info":{"display_name":"Dariusz Pawlak","author_link":"https:\/\/truskawkowa.com\/index.php\/author\/admin6105\/"},"uagb_comment_info":0,"uagb_excerpt":"Poznaj nasze gospodarstwo Jeste\u015bmy rodzinnym gospodarstwem z Jerwonic, w kt\u00f3rym zajmujemy si\u0119 upraw\u0105 truskawek. Stawiamy na \u015bwie\u017co\u015b\u0107 i sprzeda\u017c prosto do konsumenta \u2013 bez zb\u0119dnych po\u015brednik\u00f3w. Rozwijamy nasz\u0105 dzia\u0142alno\u015b\u0107 tak, aby skr\u00f3ci\u0107 \u0142a\u0144cuch dostaw i umo\u017cliwi\u0107 wygodny zakup truskawek w sprzeda\u017cy detalicznej oraz w ramach dostaw bezpo\u015brednich. Je\u015bli chcesz zapyta\u0107 o dost\u0119pno\u015b\u0107, termin zbioru lub&hellip;&nbsp;Kontakt","_links":{"self":[{"href":"https:\/\/truskawkowa.com\/index.php\/wp-json\/wp\/v2\/pages\/379","targetHints":{"allow":["GET"]}}],"collection":[{"href":"https:\/\/truskawkowa.com\/index.php\/wp-json\/wp\/v2\/pages"}],"about":[{"href":"https:\/\/truskawkowa.com\/index.php\/wp-json\/wp\/v2\/types\/page"}],"author":[{"embeddable":true,"href":"https:\/\/truskawkowa.com\/index.php\/wp-json\/wp\/v2\/users\/1"}],"replies":[{"embeddable":true,"href":"https:\/\/truskawkowa.com\/index.php\/wp-json\/wp\/v2\/comments?post=379"}],"version-history":[{"count":14,"href":"https:\/\/truskawkowa.com\/index.php\/wp-json\/wp\/v2\/pages\/379\/revisions"}],"predecessor-version":[{"id":476,"href":"https:\/\/truskawkowa.com\/index.php\/wp-json\/wp\/v2\/pages\/379\/revisions\/476"}],"wp:attachment":[{"href":"https:\/\/truskawkowa.com\/index.php\/wp-json\/wp\/v2\/media?parent=379"}],"curies":[{"name":"wp","href":"https:\/\/api.w.org\/{rel}","templated":true}]}}